{"id":1318,"date":"2023-03-31T03:31:15","date_gmt":"2023-03-31T03:31:15","guid":{"rendered":"https:\/\/www.showco.com.mx\/cms\/?page_id=1318"},"modified":"2023-03-31T04:26:54","modified_gmt":"2023-03-31T04:26:54","slug":"pixel-bar","status":"publish","type":"page","link":"https:\/\/www.showco.com.mx\/cms\/nuestras-marcas\/showco\/barras-de-leds\/pixel-bar\/","title":{"rendered":"PIXEL BAR"},"content":{"rendered":"\t\t<div data-elementor-type=\"wp-page\" data-elementor-id=\"1318\" class=\"elementor elementor-1318\">\n\t\t\t\t\t\t<section class=\"elementor-section elementor-top-section elementor-element elementor-element-63e3642 elementor-section-content-middle elementor-section-boxed elementor-section-height-default elementor-section-height-default\" data-id=\"63e3642\" data-element_type=\"section\" data-e-type=\"section\">\n\t\t\t\t\t\t<div class=\"elementor-container elementor-column-gap-no\">\n\t\t\t\t\t<div class=\"elementor-column elementor-col-50 elementor-top-column elementor-element elementor-element-3b1e70b\" data-id=\"3b1e70b\" data-element_type=\"column\" data-e-type=\"column\">\n\t\t\t<div class=\"elementor-widget-wrap elementor-element-populated\">\n\t\t\t\t\t\t<div class=\"elementor-element elementor-element-415c9c3 elementor-widget elementor-widget-image\" data-id=\"415c9c3\" data-element_type=\"widget\" data-e-type=\"widget\" data-widget_type=\"image.default\">\n\t\t\t\t<div class=\"elementor-widget-container\">\n\t\t\t\t\t\t\t\t\t\t\t\t\t\t\t<img fetchpriority=\"high\" decoding=\"async\" width=\"768\" height=\"768\" src=\"https:\/\/www.showco.com.mx\/cms\/wp-content\/uploads\/2023\/03\/pixelbar-768x768.jpg\" class=\"attachment-medium_large size-medium_large wp-image-1314\" alt=\"\" srcset=\"https:\/\/www.showco.com.mx\/cms\/wp-content\/uploads\/2023\/03\/pixelbar-768x768.jpg 768w, https:\/\/www.showco.com.mx\/cms\/wp-content\/uploads\/2023\/03\/pixelbar-300x300.jpg 300w, https:\/\/www.showco.com.mx\/cms\/wp-content\/uploads\/2023\/03\/pixelbar-150x150.jpg 150w, https:\/\/www.showco.com.mx\/cms\/wp-content\/uploads\/2023\/03\/pixelbar.jpg 800w\" sizes=\"(max-width: 768px) 100vw, 768px\" \/>\t\t\t\t\t\t\t\t\t\t\t\t\t\t\t<\/div>\n\t\t\t\t<\/div>\n\t\t\t\t\t<\/div>\n\t\t<\/div>\n\t\t\t\t<div class=\"elementor-column elementor-col-50 elementor-top-column elementor-element elementor-element-ad738fa\" data-id=\"ad738fa\" data-element_type=\"column\" data-e-type=\"column\">\n\t\t\t<div class=\"elementor-widget-wrap elementor-element-populated\">\n\t\t\t\t\t\t<div class=\"elementor-element elementor-element-9e1c06e elementor-widget elementor-widget-heading\" data-id=\"9e1c06e\" data-element_type=\"widget\" data-e-type=\"widget\" data-widget_type=\"heading.default\">\n\t\t\t\t<div class=\"elementor-widget-container\">\n\t\t\t\t\t<h4 class=\"elementor-heading-title elementor-size-default\">PIXEL BAR<\/h4>\t\t\t\t<\/div>\n\t\t\t\t<\/div>\n\t\t\t\t<div class=\"elementor-element elementor-element-d74a1bc elementor-widget elementor-widget-text-editor\" data-id=\"d74a1bc\" data-element_type=\"widget\" data-e-type=\"widget\" data-widget_type=\"text-editor.default\">\n\t\t\t\t<div class=\"elementor-widget-container\">\n\t\t\t\t\t\t\t\t\t<p>SH-LED0625E<\/p><p><strong>ESPECFICACIONES T\u00c9CNICAS<\/strong><\/p><ul><li>Voltaje de operaci\u00f3n: Universal de 90 a 250 V, 50\/60 Hz<\/li><li>IP65 v\u00e1lvula ISR<\/li><\/ul><p>LED<\/p><ul><li>Potencia de los LEDS: 6 X 25W (5 en 1) &#8211; Sistema de enfriamiento: Convecci\u00f3n<\/li><li>\u00c1ngulo de dispersi\u00f3n de la luz: 25\u00b0<\/li><li>Mezcla de color: RGBAW<\/li><li>Vida promedio de los LEDS: 50,000 Hr.<\/li><\/ul>\t\t\t\t\t\t\t\t<\/div>\n\t\t\t\t<\/div>\n\t\t\t\t<div class=\"elementor-element elementor-element-5b063e2 elementor-align-center elementor-widget elementor-widget-button\" data-id=\"5b063e2\" data-element_type=\"widget\" data-e-type=\"widget\" data-widget_type=\"button.default\">\n\t\t\t\t<div class=\"elementor-widget-container\">\n\t\t\t\t\t\t\t\t\t<div class=\"elementor-button-wrapper\">\n\t\t\t\t\t<a class=\"elementor-button elementor-button-link elementor-size-md elementor-animation-grow\" href=\"https:\/\/www.showco.com.mx\/cms\/wp-content\/uploads\/2023\/03\/pixelbar.pdf\" target=\"_blank\">\n\t\t\t\t\t\t<span class=\"elementor-button-content-wrapper\">\n\t\t\t\t\t\t<span class=\"elementor-button-icon\">\n\t\t\t\t<i aria-hidden=\"true\" class=\"fas fa-file-pdf\"><\/i>\t\t\t<\/span>\n\t\t\t\t\t\t\t\t\t<span class=\"elementor-button-text\">DESCARGAR FICHA<\/span>\n\t\t\t\t\t<\/span>\n\t\t\t\t\t<\/a>\n\t\t\t\t<\/div>\n\t\t\t\t\t\t\t\t<\/div>\n\t\t\t\t<\/div>\n\t\t\t\t\t<\/div>\n\t\t<\/div>\n\t\t\t\t\t<\/div>\n\t\t<\/section>\n\t\t\t\t<section class=\"elementor-section elementor-top-section elementor-element elementor-element-db3e5c7 elementor-section-boxed elementor-section-height-default elementor-section-height-default\" data-id=\"db3e5c7\" data-element_type=\"section\" data-e-type=\"section\">\n\t\t\t\t\t\t<div class=\"elementor-container elementor-column-gap-default\">\n\t\t\t\t\t<div class=\"elementor-column elementor-col-50 elementor-top-column elementor-element elementor-element-1dac10c\" data-id=\"1dac10c\" data-element_type=\"column\" data-e-type=\"column\">\n\t\t\t<div class=\"elementor-widget-wrap elementor-element-populated\">\n\t\t\t\t\t\t<div class=\"elementor-element elementor-element-fca4527 elementor-arrows-position-inside elementor-pagination-position-outside elementor-widget elementor-widget-image-carousel\" data-id=\"fca4527\" data-element_type=\"widget\" data-e-type=\"widget\" data-settings=\"{&quot;slides_to_show&quot;:&quot;3&quot;,&quot;autoplay&quot;:&quot;no&quot;,&quot;navigation&quot;:&quot;both&quot;,&quot;infinite&quot;:&quot;yes&quot;,&quot;speed&quot;:500}\" data-widget_type=\"image-carousel.default\">\n\t\t\t\t<div class=\"elementor-widget-container\">\n\t\t\t\t\t\t\t<div class=\"elementor-image-carousel-wrapper swiper\" role=\"region\" aria-roledescription=\"carousel\" aria-label=\"Carrusel de Im\u00e1genes\" dir=\"ltr\">\n\t\t\t<div class=\"elementor-image-carousel swiper-wrapper\" aria-live=\"polite\">\n\t\t\t\t\t\t\t\t<div class=\"swiper-slide\" role=\"group\" aria-roledescription=\"slide\" aria-label=\"1 de 5\"><figure class=\"swiper-slide-inner\"><img decoding=\"async\" class=\"swiper-slide-image\" src=\"https:\/\/www.showco.com.mx\/cms\/wp-content\/uploads\/2023\/03\/pixelbar-5-150x150.jpg\" alt=\"pixelbar-5\" \/><\/figure><\/div><div class=\"swiper-slide\" role=\"group\" aria-roledescription=\"slide\" aria-label=\"2 de 5\"><figure class=\"swiper-slide-inner\"><img decoding=\"async\" class=\"swiper-slide-image\" src=\"https:\/\/www.showco.com.mx\/cms\/wp-content\/uploads\/2023\/03\/pixelbar-4-150x150.jpg\" alt=\"pixelbar-4\" \/><\/figure><\/div><div class=\"swiper-slide\" role=\"group\" aria-roledescription=\"slide\" aria-label=\"3 de 5\"><figure class=\"swiper-slide-inner\"><img decoding=\"async\" class=\"swiper-slide-image\" src=\"https:\/\/www.showco.com.mx\/cms\/wp-content\/uploads\/2023\/03\/pixelbar-3-150x150.jpg\" alt=\"pixelbar-3\" \/><\/figure><\/div><div class=\"swiper-slide\" role=\"group\" aria-roledescription=\"slide\" aria-label=\"4 de 5\"><figure class=\"swiper-slide-inner\"><img decoding=\"async\" class=\"swiper-slide-image\" src=\"https:\/\/www.showco.com.mx\/cms\/wp-content\/uploads\/2023\/03\/pixelbar-2-150x150.jpg\" alt=\"pixelbar-2\" \/><\/figure><\/div><div class=\"swiper-slide\" role=\"group\" aria-roledescription=\"slide\" aria-label=\"5 de 5\"><figure class=\"swiper-slide-inner\"><img decoding=\"async\" class=\"swiper-slide-image\" src=\"https:\/\/www.showco.com.mx\/cms\/wp-content\/uploads\/2023\/03\/pixelbar-1-150x150.jpg\" alt=\"pixelbar-1\" \/><\/figure><\/div>\t\t\t<\/div>\n\t\t\t\t\t\t\t\t\t\t\t\t<div class=\"elementor-swiper-button elementor-swiper-button-prev\" role=\"button\" tabindex=\"0\">\n\t\t\t\t\t\t<i aria-hidden=\"true\" class=\"eicon-chevron-left\"><\/i>\t\t\t\t\t<\/div>\n\t\t\t\t\t<div class=\"elementor-swiper-button elementor-swiper-button-next\" role=\"button\" tabindex=\"0\">\n\t\t\t\t\t\t<i aria-hidden=\"true\" class=\"eicon-chevron-right\"><\/i>\t\t\t\t\t<\/div>\n\t\t\t\t\n\t\t\t\t\t\t\t\t\t<div class=\"swiper-pagination\"><\/div>\n\t\t\t\t\t\t\t\t\t<\/div>\n\t\t\t\t\t\t<\/div>\n\t\t\t\t<\/div>\n\t\t\t\t\t<\/div>\n\t\t<\/div>\n\t\t\t\t<div class=\"elementor-column elementor-col-50 elementor-top-column elementor-element elementor-element-7bc7a33\" data-id=\"7bc7a33\" data-element_type=\"column\" data-e-type=\"column\">\n\t\t\t<div class=\"elementor-widget-wrap elementor-element-populated\">\n\t\t\t\t\t\t<div class=\"elementor-element elementor-element-40eed18 elementor-widget elementor-widget-text-editor\" data-id=\"40eed18\" data-element_type=\"widget\" data-e-type=\"widget\" data-widget_type=\"text-editor.default\">\n\t\t\t\t<div class=\"elementor-widget-container\">\n\t\t\t\t\t\t\t\t\t<p>Modo de operaci\u00f3n<\/p><ul><li>DMX512 &#8211; 4, 5, 6, 8, 11 canales 5, 6, 11, 18, 23, 30, 38 canales (Pixel matrix)<\/li><li>Macros de color<\/li><li>Estrobo: Vel. variable 1-20 flashes\/s<\/li><li>Dimmer: 0-100%<\/li><li>Modo autom\u00e1tico<\/li><li>Maestro\/esclavo<\/li><li>Efecto Rainbow<\/li><\/ul><p>Dimensiones<\/p><ul><li>77.00 cm x 11.00 cm x 21.00 cm<\/li><\/ul><p>Peso<\/p><ul><li>6.20 kg<\/li><\/ul>\t\t\t\t\t\t\t\t<\/div>\n\t\t\t\t<\/div>\n\t\t\t\t\t<\/div>\n\t\t<\/div>\n\t\t\t\t\t<\/div>\n\t\t<\/section>\n\t\t\t\t<\/div>\n\t\t","protected":false},"excerpt":{"rendered":"<p>PIXEL BAR SH-LED0625E ESPECFICACIONES T\u00c9CNICAS Voltaje de operaci\u00f3n: Universal de 90 a 250 V, 50\/60 Hz IP65 v\u00e1lvula ISR LED Potencia de los LEDS: 6 X 25W (5 en 1) &#8211; Sistema de enfriamiento: Convecci\u00f3n \u00c1ngulo de dispersi\u00f3n de la luz: 25\u00b0 Mezcla de color: RGBAW Vida promedio de los LEDS: 50,000 Hr. DESCARGAR FICHA &hellip;<\/p>\n<p class=\"read-more\"> <a class=\"\" href=\"https:\/\/www.showco.com.mx\/cms\/nuestras-marcas\/showco\/barras-de-leds\/pixel-bar\/\"> <span class=\"screen-reader-text\">PIXEL BAR<\/span> Leer m\u00e1s &raquo;<\/a><\/p>\n","protected":false},"author":1,"featured_media":0,"parent":767,"menu_order":0,"comment_status":"closed","ping_status":"closed","template":"","meta":{"site-sidebar-layout":"no-sidebar","site-content-layout":"page-builder","ast-global-header-display":"","ast-main-header-display":"","ast-hfb-above-header-display":"","ast-hfb-below-header-display":"","ast-hfb-mobile-header-display":"","site-post-title":"disabled","ast-breadcrumbs-content":"","ast-featured-img":"disabled","footer-sml-layout":"","theme-transparent-header-meta":"","adv-header-id-meta":"","stick-header-meta":"","header-above-stick-meta":"","header-main-stick-meta":"","header-below-stick-meta":"","footnotes":""},"class_list":["post-1318","page","type-page","status-publish","hentry"],"_links":{"self":[{"href":"https:\/\/www.showco.com.mx\/cms\/wp-json\/wp\/v2\/pages\/1318","targetHints":{"allow":["GET"]}}],"collection":[{"href":"https:\/\/www.showco.com.mx\/cms\/wp-json\/wp\/v2\/pages"}],"about":[{"href":"https:\/\/www.showco.com.mx\/cms\/wp-json\/wp\/v2\/types\/page"}],"author":[{"embeddable":true,"href":"https:\/\/www.showco.com.mx\/cms\/wp-json\/wp\/v2\/users\/1"}],"replies":[{"embeddable":true,"href":"https:\/\/www.showco.com.mx\/cms\/wp-json\/wp\/v2\/comments?post=1318"}],"version-history":[{"count":13,"href":"https:\/\/www.showco.com.mx\/cms\/wp-json\/wp\/v2\/pages\/1318\/revisions"}],"predecessor-version":[{"id":1366,"href":"https:\/\/www.showco.com.mx\/cms\/wp-json\/wp\/v2\/pages\/1318\/revisions\/1366"}],"up":[{"embeddable":true,"href":"https:\/\/www.showco.com.mx\/cms\/wp-json\/wp\/v2\/pages\/767"}],"wp:attachment":[{"href":"https:\/\/www.showco.com.mx\/cms\/wp-json\/wp\/v2\/media?parent=1318"}],"curies":[{"name":"wp","href":"https:\/\/api.w.org\/{rel}","templated":true}]}}