{"id":3176,"date":"2023-07-14T03:33:51","date_gmt":"2023-07-14T03:33:51","guid":{"rendered":"https:\/\/www.showco.com.mx\/cms\/?page_id=3176"},"modified":"2023-07-17T01:45:14","modified_gmt":"2023-07-17T01:45:14","slug":"color-nova","status":"publish","type":"page","link":"https:\/\/www.showco.com.mx\/cms\/nuestras-marcas\/showco\/teatrales\/color-nova\/","title":{"rendered":"COLOR NOVA"},"content":{"rendered":"\t\t<div data-elementor-type=\"wp-page\" data-elementor-id=\"3176\" class=\"elementor elementor-3176\">\n\t\t\t\t\t\t<section class=\"elementor-section elementor-top-section elementor-element elementor-element-0a83095 elementor-section-content-middle elementor-section-boxed elementor-section-height-default elementor-section-height-default\" data-id=\"0a83095\" data-element_type=\"section\" data-e-type=\"section\">\n\t\t\t\t\t\t<div class=\"elementor-container elementor-column-gap-no\">\n\t\t\t\t\t<div class=\"elementor-column elementor-col-50 elementor-top-column elementor-element elementor-element-512d9a6\" data-id=\"512d9a6\" data-element_type=\"column\" data-e-type=\"column\">\n\t\t\t<div class=\"elementor-widget-wrap elementor-element-populated\">\n\t\t\t\t\t\t<div class=\"elementor-element elementor-element-58912d4 elementor-widget elementor-widget-image\" data-id=\"58912d4\" data-element_type=\"widget\" data-e-type=\"widget\" data-widget_type=\"image.default\">\n\t\t\t\t<div class=\"elementor-widget-container\">\n\t\t\t\t\t\t\t\t\t\t\t\t\t\t\t<img fetchpriority=\"high\" decoding=\"async\" width=\"1024\" height=\"1024\" src=\"https:\/\/www.showco.com.mx\/cms\/wp-content\/uploads\/2023\/07\/colornova1-1024x1024.png\" class=\"attachment-large size-large wp-image-3174\" alt=\"\" srcset=\"https:\/\/www.showco.com.mx\/cms\/wp-content\/uploads\/2023\/07\/colornova1-1024x1024.png 1024w, https:\/\/www.showco.com.mx\/cms\/wp-content\/uploads\/2023\/07\/colornova1-300x300.png 300w, https:\/\/www.showco.com.mx\/cms\/wp-content\/uploads\/2023\/07\/colornova1-150x150.png 150w, https:\/\/www.showco.com.mx\/cms\/wp-content\/uploads\/2023\/07\/colornova1-768x768.png 768w, https:\/\/www.showco.com.mx\/cms\/wp-content\/uploads\/2023\/07\/colornova1.png 1116w\" sizes=\"(max-width: 1024px) 100vw, 1024px\" \/>\t\t\t\t\t\t\t\t\t\t\t\t\t\t\t<\/div>\n\t\t\t\t<\/div>\n\t\t\t\t\t<\/div>\n\t\t<\/div>\n\t\t\t\t<div class=\"elementor-column elementor-col-50 elementor-top-column elementor-element elementor-element-2556cce\" data-id=\"2556cce\" data-element_type=\"column\" data-e-type=\"column\">\n\t\t\t<div class=\"elementor-widget-wrap elementor-element-populated\">\n\t\t\t\t\t\t<div class=\"elementor-element elementor-element-69e0c69 elementor-widget elementor-widget-heading\" data-id=\"69e0c69\" data-element_type=\"widget\" data-e-type=\"widget\" data-widget_type=\"heading.default\">\n\t\t\t\t<div class=\"elementor-widget-container\">\n\t\t\t\t\t<h4 class=\"elementor-heading-title elementor-size-default\">COLOR NOVA<\/h4>\t\t\t\t<\/div>\n\t\t\t\t<\/div>\n\t\t\t\t<div class=\"elementor-element elementor-element-46795e1 elementor-widget elementor-widget-text-editor\" data-id=\"46795e1\" data-element_type=\"widget\" data-e-type=\"widget\" data-widget_type=\"text-editor.default\">\n\t\t\t\t<div class=\"elementor-widget-container\">\n\t\t\t\t\t\t\t\t\t<p>SH-LED1215IP<\/p><p><strong>ESPECIFICACIONES T\u00c9CNICAS<\/strong><\/p><ul><li>Voltaje de operaci\u00f3n: Universal de 100 &#8211; 264 V, 47 \/63 Hz<\/li><li>Consumo de potencia: 180W<\/li><li>IP Rating: IP65 (incluye v\u00e1lvula IRS)<\/li><\/ul><p>LED<\/p><ul><li>Potencia de los LEDS: 12 X 1 5W (4 en 1)<\/li><li>Sistema de enfriamiento: convecci\u00f3n<\/li><li>\u00c1ngulo de dispersi\u00f3n de la luz: Zoom de 8\u00b0 a 60\u00b0<\/li><li>Mezcla de color: RGBW<\/li><li>Vida promedio de los LEDS: 50,000 Hr<\/li><li>9,250 lx@ 5m<\/li><\/ul>\t\t\t\t\t\t\t\t<\/div>\n\t\t\t\t<\/div>\n\t\t\t\t<div class=\"elementor-element elementor-element-73bb2eb elementor-align-center elementor-widget elementor-widget-button\" data-id=\"73bb2eb\" data-element_type=\"widget\" data-e-type=\"widget\" data-widget_type=\"button.default\">\n\t\t\t\t<div class=\"elementor-widget-container\">\n\t\t\t\t\t\t\t\t\t<div class=\"elementor-button-wrapper\">\n\t\t\t\t\t<a class=\"elementor-button elementor-button-link elementor-size-md elementor-animation-grow\" href=\"https:\/\/www.showco.com.mx\/cms\/wp-content\/uploads\/2023\/07\/colornova.pdf\" target=\"_blank\">\n\t\t\t\t\t\t<span class=\"elementor-button-content-wrapper\">\n\t\t\t\t\t\t<span class=\"elementor-button-icon\">\n\t\t\t\t<i aria-hidden=\"true\" class=\"fas fa-file-pdf\"><\/i>\t\t\t<\/span>\n\t\t\t\t\t\t\t\t\t<span class=\"elementor-button-text\">DESCARGAR FICHA<\/span>\n\t\t\t\t\t<\/span>\n\t\t\t\t\t<\/a>\n\t\t\t\t<\/div>\n\t\t\t\t\t\t\t\t<\/div>\n\t\t\t\t<\/div>\n\t\t\t\t\t<\/div>\n\t\t<\/div>\n\t\t\t\t\t<\/div>\n\t\t<\/section>\n\t\t\t\t<section class=\"elementor-section elementor-top-section elementor-element elementor-element-4c5c24d elementor-section-boxed elementor-section-height-default elementor-section-height-default\" data-id=\"4c5c24d\" data-element_type=\"section\" data-e-type=\"section\">\n\t\t\t\t\t\t<div class=\"elementor-container elementor-column-gap-default\">\n\t\t\t\t\t<div class=\"elementor-column elementor-col-50 elementor-top-column elementor-element elementor-element-e795053\" data-id=\"e795053\" data-element_type=\"column\" data-e-type=\"column\">\n\t\t\t<div class=\"elementor-widget-wrap elementor-element-populated\">\n\t\t\t\t\t\t<div class=\"elementor-element elementor-element-090e3b4 elementor-widget elementor-widget-text-editor\" data-id=\"090e3b4\" data-element_type=\"widget\" data-e-type=\"widget\" data-widget_type=\"text-editor.default\">\n\t\t\t\t<div class=\"elementor-widget-container\">\n\t\t\t\t\t\t\t\t\t<p>Modo de operaci\u00f3n<\/p><ul><li>DMX512 &#8211; 1 1\/7 \/5 canales<\/li><li>Display digital para selecci\u00f3n de canal DMX y selecci\u00f3n de funciones<\/li><li>Macros de color<\/li><li>Estrobo: Velocidad variable de 1-20 flashes\/s<\/li><li>Dimmer: 0-100%<\/li><li>Modo autom\u00e1tico<\/li><li>Maestro\/esclavo<\/li><li>Operaci\u00f3n inal\u00e1mbrica (wireless)<\/li><\/ul><p>Dimensiones:<\/p><ul><li>28. 1 O cm x 35. 1 O cm x 15.60 cm<\/li><\/ul><p>Peso: 7.80 Kg<\/p><p>&#8212;&#8212;&#8212;&#8212;&#8212;&#8212;&#8212;&#8212;&#8212;&#8212;&#8212;&#8212;&#8212;<\/p><p>Notas: <br \/>V\u00e1lvula IRS: V\u00e1lvula que permite balancear la presi\u00f3n interna y externa causada por el ciclo de calentamiento y enfriamiento de la luminaria. La v\u00e1lvula IRS permite el paso del aire mas no del agua y alarga la vida de los sellos de la luminaria.<\/p>\t\t\t\t\t\t\t\t<\/div>\n\t\t\t\t<\/div>\n\t\t\t\t\t<\/div>\n\t\t<\/div>\n\t\t\t\t<div class=\"elementor-column elementor-col-50 elementor-top-column elementor-element elementor-element-7a49a52\" data-id=\"7a49a52\" data-element_type=\"column\" data-e-type=\"column\">\n\t\t\t<div class=\"elementor-widget-wrap elementor-element-populated\">\n\t\t\t\t\t\t<div class=\"elementor-element elementor-element-551ac44 elementor-widget elementor-widget-image\" data-id=\"551ac44\" data-element_type=\"widget\" data-e-type=\"widget\" data-widget_type=\"image.default\">\n\t\t\t\t<div class=\"elementor-widget-container\">\n\t\t\t\t\t\t\t\t\t\t\t\t\t\t\t<img decoding=\"async\" width=\"910\" height=\"910\" src=\"https:\/\/www.showco.com.mx\/cms\/wp-content\/uploads\/2023\/07\/colornova2.png\" class=\"attachment-large size-large wp-image-3175\" alt=\"\" srcset=\"https:\/\/www.showco.com.mx\/cms\/wp-content\/uploads\/2023\/07\/colornova2.png 910w, https:\/\/www.showco.com.mx\/cms\/wp-content\/uploads\/2023\/07\/colornova2-300x300.png 300w, https:\/\/www.showco.com.mx\/cms\/wp-content\/uploads\/2023\/07\/colornova2-150x150.png 150w, https:\/\/www.showco.com.mx\/cms\/wp-content\/uploads\/2023\/07\/colornova2-768x768.png 768w\" sizes=\"(max-width: 910px) 100vw, 910px\" \/>\t\t\t\t\t\t\t\t\t\t\t\t\t\t\t<\/div>\n\t\t\t\t<\/div>\n\t\t\t\t\t<\/div>\n\t\t<\/div>\n\t\t\t\t\t<\/div>\n\t\t<\/section>\n\t\t\t\t<\/div>\n\t\t","protected":false},"excerpt":{"rendered":"<p>COLOR NOVA SH-LED1215IP ESPECIFICACIONES T\u00c9CNICAS Voltaje de operaci\u00f3n: Universal de 100 &#8211; 264 V, 47 \/63 Hz Consumo de potencia: 180W IP Rating: IP65 (incluye v\u00e1lvula IRS) LED Potencia de los LEDS: 12 X 1 5W (4 en 1) Sistema de enfriamiento: convecci\u00f3n \u00c1ngulo de dispersi\u00f3n de la luz: Zoom de 8\u00b0 a 60\u00b0 Mezcla &hellip;<\/p>\n<p class=\"read-more\"> <a class=\"\" href=\"https:\/\/www.showco.com.mx\/cms\/nuestras-marcas\/showco\/teatrales\/color-nova\/\"> <span class=\"screen-reader-text\">COLOR NOVA<\/span> Leer m\u00e1s &raquo;<\/a><\/p>\n","protected":false},"author":1,"featured_media":0,"parent":3126,"menu_order":0,"comment_status":"closed","ping_status":"closed","template":"","meta":{"site-sidebar-layout":"no-sidebar","site-content-layout":"page-builder","ast-global-header-display":"","ast-main-header-display":"","ast-hfb-above-header-display":"","ast-hfb-below-header-display":"","ast-hfb-mobile-header-display":"","site-post-title":"disabled","ast-breadcrumbs-content":"","ast-featured-img":"disabled","footer-sml-layout":"","theme-transparent-header-meta":"","adv-header-id-meta":"","stick-header-meta":"","header-above-stick-meta":"","header-main-stick-meta":"","header-below-stick-meta":"","footnotes":""},"class_list":["post-3176","page","type-page","status-publish","hentry"],"_links":{"self":[{"href":"https:\/\/www.showco.com.mx\/cms\/wp-json\/wp\/v2\/pages\/3176","targetHints":{"allow":["GET"]}}],"collection":[{"href":"https:\/\/www.showco.com.mx\/cms\/wp-json\/wp\/v2\/pages"}],"about":[{"href":"https:\/\/www.showco.com.mx\/cms\/wp-json\/wp\/v2\/types\/page"}],"author":[{"embeddable":true,"href":"https:\/\/www.showco.com.mx\/cms\/wp-json\/wp\/v2\/users\/1"}],"replies":[{"embeddable":true,"href":"https:\/\/www.showco.com.mx\/cms\/wp-json\/wp\/v2\/comments?post=3176"}],"version-history":[{"count":17,"href":"https:\/\/www.showco.com.mx\/cms\/wp-json\/wp\/v2\/pages\/3176\/revisions"}],"predecessor-version":[{"id":3234,"href":"https:\/\/www.showco.com.mx\/cms\/wp-json\/wp\/v2\/pages\/3176\/revisions\/3234"}],"up":[{"embeddable":true,"href":"https:\/\/www.showco.com.mx\/cms\/wp-json\/wp\/v2\/pages\/3126"}],"wp:attachment":[{"href":"https:\/\/www.showco.com.mx\/cms\/wp-json\/wp\/v2\/media?parent=3176"}],"curies":[{"name":"wp","href":"https:\/\/api.w.org\/{rel}","templated":true}]}}