{"id":3550,"date":"2023-07-18T04:51:54","date_gmt":"2023-07-18T04:51:54","guid":{"rendered":"https:\/\/www.showco.com.mx\/cms\/?page_id=3550"},"modified":"2023-07-20T21:55:47","modified_gmt":"2023-07-20T21:55:47","slug":"mega-lux-beam-plus","status":"publish","type":"page","link":"https:\/\/www.showco.com.mx\/cms\/nuestras-marcas\/hi-lux\/maquinas-con-lampara-de-descarga\/mega-lux-beam-plus\/","title":{"rendered":"Mega Lux Beam Plus"},"content":{"rendered":"\t\t<div data-elementor-type=\"wp-page\" data-elementor-id=\"3550\" class=\"elementor elementor-3550\">\n\t\t\t\t\t\t<section class=\"elementor-section elementor-top-section elementor-element elementor-element-781ff4b elementor-section-content-middle elementor-section-boxed elementor-section-height-default elementor-section-height-default\" data-id=\"781ff4b\" data-element_type=\"section\" data-e-type=\"section\">\n\t\t\t\t\t\t<div class=\"elementor-container elementor-column-gap-no\">\n\t\t\t\t\t<div class=\"elementor-column elementor-col-50 elementor-top-column elementor-element elementor-element-0b295e1\" data-id=\"0b295e1\" data-element_type=\"column\" data-e-type=\"column\">\n\t\t\t<div class=\"elementor-widget-wrap elementor-element-populated\">\n\t\t\t\t\t\t<div class=\"elementor-element elementor-element-a19a15a elementor-widget elementor-widget-image\" data-id=\"a19a15a\" data-element_type=\"widget\" data-e-type=\"widget\" data-widget_type=\"image.default\">\n\t\t\t\t<div class=\"elementor-widget-container\">\n\t\t\t\t\t\t\t\t\t\t\t\t\t\t\t<img fetchpriority=\"high\" decoding=\"async\" width=\"1024\" height=\"1024\" src=\"https:\/\/www.showco.com.mx\/cms\/wp-content\/uploads\/2023\/07\/megaluxbeamplus-1-1024x1024.jpg\" class=\"attachment-large size-large wp-image-3540\" alt=\"\" srcset=\"https:\/\/www.showco.com.mx\/cms\/wp-content\/uploads\/2023\/07\/megaluxbeamplus-1-1024x1024.jpg 1024w, https:\/\/www.showco.com.mx\/cms\/wp-content\/uploads\/2023\/07\/megaluxbeamplus-1-300x300.jpg 300w, https:\/\/www.showco.com.mx\/cms\/wp-content\/uploads\/2023\/07\/megaluxbeamplus-1-150x150.jpg 150w, https:\/\/www.showco.com.mx\/cms\/wp-content\/uploads\/2023\/07\/megaluxbeamplus-1-768x768.jpg 768w, https:\/\/www.showco.com.mx\/cms\/wp-content\/uploads\/2023\/07\/megaluxbeamplus-1.jpg 1146w\" sizes=\"(max-width: 1024px) 100vw, 1024px\" \/>\t\t\t\t\t\t\t\t\t\t\t\t\t\t\t<\/div>\n\t\t\t\t<\/div>\n\t\t\t\t\t<\/div>\n\t\t<\/div>\n\t\t\t\t<div class=\"elementor-column elementor-col-50 elementor-top-column elementor-element elementor-element-9566b47\" data-id=\"9566b47\" data-element_type=\"column\" data-e-type=\"column\" data-settings=\"{&quot;background_background&quot;:&quot;classic&quot;}\">\n\t\t\t<div class=\"elementor-widget-wrap elementor-element-populated\">\n\t\t\t\t\t\t<div class=\"elementor-element elementor-element-9c23615 elementor-widget elementor-widget-heading\" data-id=\"9c23615\" data-element_type=\"widget\" data-e-type=\"widget\" data-widget_type=\"heading.default\">\n\t\t\t\t<div class=\"elementor-widget-container\">\n\t\t\t\t\t<h4 class=\"elementor-heading-title elementor-size-default\">MEGA LUX BEAM PLUS<\/h4>\t\t\t\t<\/div>\n\t\t\t\t<\/div>\n\t\t\t\t<div class=\"elementor-element elementor-element-840aa71 elementor-widget elementor-widget-text-editor\" data-id=\"840aa71\" data-element_type=\"widget\" data-e-type=\"widget\" data-widget_type=\"text-editor.default\">\n\t\t\t\t<div class=\"elementor-widget-container\">\n\t\t\t\t\t\t\t\t\t<p>HL-17RBP<\/p><p><strong style=\"font-size: 16px;\">ESPECIFICACIONES T\u00c9CNICAS<\/strong><\/p><ul><li>Voltaje de operaci\u00f3n: de 100 a 240V &#8211; 50\/60HZ<\/li><li>Display de LCD<\/li><li>Balastra electr\u00f3nica<\/li><\/ul><p>L\u00e1mpara YODN 17R 350W<\/p><ul><li>Temperatura de color: 8000\u00b0K<\/li><li>Vida promedio de la l\u00e1mpara: 2,200 Hr<\/li><\/ul><p>Sistema \u00d3ptico<\/p><ul><li>Foco lineal con control electr\u00f3nico<\/li><li>Dimmer: 0 &#8211; 100%<\/li><li>Estrobo: Velocidad variable 1-10 flashes\/s<\/li><li>Encendido y apagado remoto de la l\u00e1mpara<\/li><li>\u00c1ngulo de dispersi\u00f3n de la luz: 0 &#8211; 4\u00b0<\/li><\/ul>\t\t\t\t\t\t\t\t<\/div>\n\t\t\t\t<\/div>\n\t\t\t\t<div class=\"elementor-element elementor-element-beab6d4 elementor-align-center elementor-widget elementor-widget-button\" data-id=\"beab6d4\" data-element_type=\"widget\" data-e-type=\"widget\" data-widget_type=\"button.default\">\n\t\t\t\t<div class=\"elementor-widget-container\">\n\t\t\t\t\t\t\t\t\t<div class=\"elementor-button-wrapper\">\n\t\t\t\t\t<a class=\"elementor-button elementor-button-link elementor-size-md elementor-animation-grow\" href=\"https:\/\/www.showco.com.mx\/cms\/wp-content\/uploads\/2023\/07\/megaluxbeamplus.pdf\" target=\"_blank\">\n\t\t\t\t\t\t<span class=\"elementor-button-content-wrapper\">\n\t\t\t\t\t\t<span class=\"elementor-button-icon\">\n\t\t\t\t<i aria-hidden=\"true\" class=\"fas fa-file-pdf\"><\/i>\t\t\t<\/span>\n\t\t\t\t\t\t\t\t\t<span class=\"elementor-button-text\">DESCARGAR FICHA<\/span>\n\t\t\t\t\t<\/span>\n\t\t\t\t\t<\/a>\n\t\t\t\t<\/div>\n\t\t\t\t\t\t\t\t<\/div>\n\t\t\t\t<\/div>\n\t\t\t\t\t<\/div>\n\t\t<\/div>\n\t\t\t\t\t<\/div>\n\t\t<\/section>\n\t\t\t\t<section class=\"elementor-section elementor-top-section elementor-element elementor-element-6ada306 elementor-section-boxed elementor-section-height-default elementor-section-height-default\" data-id=\"6ada306\" data-element_type=\"section\" data-e-type=\"section\">\n\t\t\t\t\t\t<div class=\"elementor-container elementor-column-gap-default\">\n\t\t\t\t\t<div class=\"elementor-column elementor-col-100 elementor-top-column elementor-element elementor-element-f9cb5cd\" data-id=\"f9cb5cd\" data-element_type=\"column\" data-e-type=\"column\">\n\t\t\t<div class=\"elementor-widget-wrap elementor-element-populated\">\n\t\t\t\t\t\t<section class=\"elementor-section elementor-inner-section elementor-element elementor-element-230f976 elementor-section-boxed elementor-section-height-default elementor-section-height-default\" data-id=\"230f976\" data-element_type=\"section\" data-e-type=\"section\">\n\t\t\t\t\t\t<div class=\"elementor-container elementor-column-gap-default\">\n\t\t\t\t\t<div class=\"elementor-column elementor-col-50 elementor-inner-column elementor-element elementor-element-6561d17\" data-id=\"6561d17\" data-element_type=\"column\" data-e-type=\"column\">\n\t\t\t<div class=\"elementor-widget-wrap elementor-element-populated\">\n\t\t\t\t\t\t<div class=\"elementor-element elementor-element-0d97969 elementor-widget elementor-widget-image\" data-id=\"0d97969\" data-element_type=\"widget\" data-e-type=\"widget\" data-widget_type=\"image.default\">\n\t\t\t\t<div class=\"elementor-widget-container\">\n\t\t\t\t\t\t\t\t\t\t\t\t\t\t\t<img decoding=\"async\" width=\"1024\" height=\"697\" src=\"https:\/\/www.showco.com.mx\/cms\/wp-content\/uploads\/2023\/07\/megaluxbeamplus-2-1024x697.jpg\" class=\"attachment-large size-large wp-image-3541\" alt=\"\" srcset=\"https:\/\/www.showco.com.mx\/cms\/wp-content\/uploads\/2023\/07\/megaluxbeamplus-2-1024x697.jpg 1024w, https:\/\/www.showco.com.mx\/cms\/wp-content\/uploads\/2023\/07\/megaluxbeamplus-2-300x204.jpg 300w, https:\/\/www.showco.com.mx\/cms\/wp-content\/uploads\/2023\/07\/megaluxbeamplus-2-768x523.jpg 768w, https:\/\/www.showco.com.mx\/cms\/wp-content\/uploads\/2023\/07\/megaluxbeamplus-2.jpg 1122w\" sizes=\"(max-width: 1024px) 100vw, 1024px\" \/>\t\t\t\t\t\t\t\t\t\t\t\t\t\t\t<\/div>\n\t\t\t\t<\/div>\n\t\t\t\t\t<\/div>\n\t\t<\/div>\n\t\t\t\t<div class=\"elementor-column elementor-col-50 elementor-inner-column elementor-element elementor-element-d3b7217\" data-id=\"d3b7217\" data-element_type=\"column\" data-e-type=\"column\">\n\t\t\t<div class=\"elementor-widget-wrap elementor-element-populated\">\n\t\t\t\t\t\t<div class=\"elementor-element elementor-element-b5e92cd elementor-widget elementor-widget-text-editor\" data-id=\"b5e92cd\" data-element_type=\"widget\" data-e-type=\"widget\" data-widget_type=\"text-editor.default\">\n\t\t\t\t<div class=\"elementor-widget-container\">\n\t\t\t\t\t\t\t\t\t<p>Pan 540\u00b0 y tilt 270\u00b0 <br \/>(con correcci\u00f3n autom\u00e1tica de posici\u00f3n) <br \/>&#8211; Resoluci\u00f3n de movimiento de PAN\/TILT: 16 bits<\/p><ul><li>Rueda con 1 3 gobos f!jos + blanco<\/li><li>Rueda con 1 3 colores + blanco<\/li><li>Prisma 1 de 24 caras circular con rotaci\u00f3n<\/li><li>Prisma 2 de 24 caras en estrella rotatorio Rueda de animaci\u00f3n<\/li><li>Efecto Frost<\/li><\/ul><p>Dimensiones: 28.30 cm x 25.5 cm x 55.50 cm<\/p><p>Peso: 19.50 Kg<\/p>\t\t\t\t\t\t\t\t<\/div>\n\t\t\t\t<\/div>\n\t\t\t\t\t<\/div>\n\t\t<\/div>\n\t\t\t\t\t<\/div>\n\t\t<\/section>\n\t\t\t\t\t<\/div>\n\t\t<\/div>\n\t\t\t\t\t<\/div>\n\t\t<\/section>\n\t\t\t\t<\/div>\n\t\t","protected":false},"excerpt":{"rendered":"<p>MEGA LUX BEAM PLUS HL-17RBP ESPECIFICACIONES T\u00c9CNICAS Voltaje de operaci\u00f3n: de 100 a 240V &#8211; 50\/60HZ Display de LCD Balastra electr\u00f3nica L\u00e1mpara YODN 17R 350W Temperatura de color: 8000\u00b0K Vida promedio de la l\u00e1mpara: 2,200 Hr Sistema \u00d3ptico Foco lineal con control electr\u00f3nico Dimmer: 0 &#8211; 100% Estrobo: Velocidad variable 1-10 flashes\/s Encendido y apagado &hellip;<\/p>\n<p class=\"read-more\"> <a class=\"\" href=\"https:\/\/www.showco.com.mx\/cms\/nuestras-marcas\/hi-lux\/maquinas-con-lampara-de-descarga\/mega-lux-beam-plus\/\"> <span class=\"screen-reader-text\">Mega Lux Beam Plus<\/span> Leer m\u00e1s &raquo;<\/a><\/p>\n","protected":false},"author":1,"featured_media":0,"parent":3543,"menu_order":0,"comment_status":"closed","ping_status":"closed","template":"","meta":{"site-sidebar-layout":"no-sidebar","site-content-layout":"page-builder","ast-global-header-display":"","ast-main-header-display":"","ast-hfb-above-header-display":"","ast-hfb-below-header-display":"","ast-hfb-mobile-header-display":"","site-post-title":"disabled","ast-breadcrumbs-content":"","ast-featured-img":"disabled","footer-sml-layout":"","theme-transparent-header-meta":"","adv-header-id-meta":"","stick-header-meta":"","header-above-stick-meta":"","header-main-stick-meta":"","header-below-stick-meta":"","footnotes":""},"class_list":["post-3550","page","type-page","status-publish","hentry"],"_links":{"self":[{"href":"https:\/\/www.showco.com.mx\/cms\/wp-json\/wp\/v2\/pages\/3550","targetHints":{"allow":["GET"]}}],"collection":[{"href":"https:\/\/www.showco.com.mx\/cms\/wp-json\/wp\/v2\/pages"}],"about":[{"href":"https:\/\/www.showco.com.mx\/cms\/wp-json\/wp\/v2\/types\/page"}],"author":[{"embeddable":true,"href":"https:\/\/www.showco.com.mx\/cms\/wp-json\/wp\/v2\/users\/1"}],"replies":[{"embeddable":true,"href":"https:\/\/www.showco.com.mx\/cms\/wp-json\/wp\/v2\/comments?post=3550"}],"version-history":[{"count":19,"href":"https:\/\/www.showco.com.mx\/cms\/wp-json\/wp\/v2\/pages\/3550\/revisions"}],"predecessor-version":[{"id":3834,"href":"https:\/\/www.showco.com.mx\/cms\/wp-json\/wp\/v2\/pages\/3550\/revisions\/3834"}],"up":[{"embeddable":true,"href":"https:\/\/www.showco.com.mx\/cms\/wp-json\/wp\/v2\/pages\/3543"}],"wp:attachment":[{"href":"https:\/\/www.showco.com.mx\/cms\/wp-json\/wp\/v2\/media?parent=3550"}],"curies":[{"name":"wp","href":"https:\/\/api.w.org\/{rel}","templated":true}]}}